{"id":24,"date":"2013-04-20T02:27:36","date_gmt":"2013-04-20T02:27:36","guid":{"rendered":"https:\/\/hotelroyalkv.com\/?page_id=24"},"modified":"2025-09-23T11:27:13","modified_gmt":"2025-09-23T11:27:13","slug":"svecana-sala","status":"publish","type":"page","link":"https:\/\/hotelroyalkv.com\/en\/svecana-sala\/","title":{"rendered":"Sve\u010dana sala"},"content":{"rendered":"<p><!--:sr--><a href=\"https:\/\/hotelroyalkv.com\/wp-content\/uploads\/2013\/04\/royal-svecana-sala1.jpg\" rel=\"lightbox-0\"><img loading=\"lazy\" decoding=\"async\" class=\"alignright size-medium wp-image-236\" src=\"https:\/\/hotelroyalkv.com\/wp-content\/uploads\/2013\/04\/royal-svecana-sala1-300x214.jpg\" alt=\"royal-svecana-sala1\" width=\"300\" height=\"214\" srcset=\"https:\/\/hotelroyalkv.com\/wp-content\/uploads\/2013\/04\/royal-svecana-sala1-300x214.jpg 300w, https:\/\/hotelroyalkv.com\/wp-content\/uploads\/2013\/04\/royal-svecana-sala1-420x300.jpg 420w, https:\/\/hotelroyalkv.com\/wp-content\/uploads\/2013\/04\/royal-svecana-sala1.jpg 1000w\" sizes=\"auto, (max-width: 300px) 100vw, 300px\" \/><\/a>Sve\u010dana sala za organizaciju proslava, veselja, svadbi&#8230;<br \/>\n&#8211; Do 450 mesta<br \/>\n&#8211; Izdvojen objekat u neposrednoj blizini hotela Royal sa pogledom na reku Ibar.<br \/>\n&#8211; Telefoni za rezervacije: 036 354-004 036 353-999<br \/>\n<strong><span style=\"color: #ff0000;\">NOVO:<\/span><\/strong> Povoljno ugovaranje dekoracije sale <a href=\"https:\/\/hotelroyalkv.com\/en\/svecana-sala\/specijalni-efekti\/\">specijalnim efektima<\/a>: dim, baloni, vesta\u010dki sneg, u unutra\u0161njosti objekta i u ba\u0161ti u sklopu sale sa pogledom na reku Ibar.<\/p>\n<table style=\"height: 473px;\" border=\"0\" width=\"701\">\n<tbody>\n<tr>\n<td>\n<p><figure id=\"attachment_298\" style=\"width: 150px\"  class=\"wp-caption aligncenter\"><a href=\"https:\/\/hotelroyalkv.com\/en\/svecana-sala\/aranzmani\/\"><img loading=\"lazy\" decoding=\"async\" class=\"size-thumbnail wp-image-298\" src=\"https:\/\/hotelroyalkv.com\/wp-content\/uploads\/2013\/04\/aranzman01t-150x150.jpg\" alt=\"aranzman01t\" width=\"150\" height=\"150\" srcset=\"https:\/\/hotelroyalkv.com\/wp-content\/uploads\/2013\/04\/aranzman01t-150x150.jpg 150w, https:\/\/hotelroyalkv.com\/wp-content\/uploads\/2013\/04\/aranzman01t.jpg 300w\" sizes=\"auto, (max-width: 150px) 100vw, 150px\" \/><\/a><figcaption class=\"wp-caption-text\">Aran\u017emani<\/figcaption><\/figure><\/td>\n<td>\n<p><figure id=\"attachment_366\" style=\"width: 221px\"  class=\"wp-caption alignnone\"><a href=\"https:\/\/hotelroyalkv.com\/en\/svecana-sala\/dekoracija\/\"><img loading=\"lazy\" decoding=\"async\" class=\"wp-image-366\" src=\"https:\/\/hotelroyalkv.com\/wp-content\/uploads\/2014\/01\/ACO_6026-300x200.jpg\" alt=\"\" width=\"221\" height=\"147\" \/><\/a><figcaption class=\"wp-caption-text\">Dekoracija sale<\/figcaption><\/figure><\/td>\n<td>\n<p><figure id=\"attachment_410\" style=\"width: 150px\"  class=\"wp-caption aligncenter\"><a href=\"https:\/\/hotelroyalkv.com\/en\/svecana-sala\/spoljna-basta\/\"><img loading=\"lazy\" decoding=\"async\" class=\"wp-image-410 size-thumbnail\" src=\"https:\/\/hotelroyalkv.com\/wp-content\/uploads\/2013\/04\/10300645_302153683283862_7372106069504788416_n1-150x150.jpg\" alt=\"Ba\u0161ta\" width=\"150\" height=\"150\" \/><\/a><figcaption class=\"wp-caption-text\">Spoljna ba\u0161ta<\/figcaption><\/figure><\/td>\n<\/tr>\n<tr>\n<td>\n<p><figure id=\"attachment_301\" style=\"width: 150px\"  class=\"wp-caption aligncenter\"><a href=\"https:\/\/hotelroyalkv.com\/en\/svecana-sala\/stepeniste\/\"><img loading=\"lazy\" decoding=\"async\" class=\"size-thumbnail wp-image-301\" src=\"https:\/\/hotelroyalkv.com\/wp-content\/uploads\/2013\/04\/stepeniste2t-150x150.jpg\" alt=\"stepeniste2t\" width=\"150\" height=\"150\" srcset=\"https:\/\/hotelroyalkv.com\/wp-content\/uploads\/2013\/04\/stepeniste2t-150x150.jpg 150w, https:\/\/hotelroyalkv.com\/wp-content\/uploads\/2013\/04\/stepeniste2t.jpg 300w\" sizes=\"auto, (max-width: 150px) 100vw, 150px\" \/><\/a><figcaption class=\"wp-caption-text\">Stepeni\u0161te<\/figcaption><\/figure><\/td>\n<td>\n<p><figure id=\"attachment_302\" style=\"width: 150px\"  class=\"wp-caption aligncenter\"><a href=\"https:\/\/hotelroyalkv.com\/en\/svecana-sala\/unosenje-torte\/\"><img loading=\"lazy\" decoding=\"async\" class=\"size-thumbnail wp-image-302\" src=\"https:\/\/hotelroyalkv.com\/wp-content\/uploads\/2013\/04\/torta1t-150x150.jpg\" alt=\"torta1t\" width=\"150\" height=\"150\" srcset=\"https:\/\/hotelroyalkv.com\/wp-content\/uploads\/2013\/04\/torta1t-150x150.jpg 150w, https:\/\/hotelroyalkv.com\/wp-content\/uploads\/2013\/04\/torta1t.jpg 300w\" sizes=\"auto, (max-width: 150px) 100vw, 150px\" \/><\/a><figcaption class=\"wp-caption-text\">Uno\u0161enje torte<\/figcaption><\/figure><\/td>\n<td>\n<p><figure id=\"attachment_236\" style=\"width: 150px\"  class=\"wp-caption aligncenter\"><a href=\"https:\/\/hotelroyalkv.com\/wp-content\/uploads\/2013\/04\/royal-svecana-sala1.jpg\" rel=\"lightbox-0\"><img loading=\"lazy\" decoding=\"async\" class=\"size-thumbnail wp-image-236\" src=\"https:\/\/hotelroyalkv.com\/wp-content\/uploads\/2013\/04\/royal-svecana-sala1-150x150.jpg\" alt=\"royal-svecana-sala1\" width=\"150\" height=\"150\" \/><\/a><figcaption class=\"wp-caption-text\">Reklama<\/figcaption><\/figure><\/td>\n<\/tr>\n<\/tbody>\n<\/table>\n<p>&nbsp;<\/p>\n<table style=\"height: 43px;\" border=\"0\" width=\"585\">\n<tbody>\n<tr>\n<td><\/td>\n<td><\/td>\n<td><\/td>\n<\/tr>\n<tr>\n<td><\/td>\n<td><\/td>\n<td><\/td>\n<\/tr>\n<\/tbody>\n<\/table>\n<p><!--:--><\/p>","protected":false},"excerpt":{"rendered":"<p>Sve\u010dana sala za organizaciju proslava, veselja, svadbi&#8230; &#8211; Do 450 mesta &#8211; Izdvojen objekat u neposrednoj blizini hotela Royal sa pogledom na reku Ibar. &#8211; Telefoni za rezervacije: 036 354-004 036 353-999 NOVO: Povoljno ugovaranje dekoracije sale specijalnim efektima: dim, baloni, vesta\u010dki sneg, u unutra\u0161njosti objekta i u ba\u0161ti u sklopu sale sa pogledom na&#8230;<\/p>","protected":false},"author":2,"featured_media":0,"parent":0,"menu_order":0,"comment_status":"closed","ping_status":"closed","template":"","meta":{"jetpack_post_was_ever_published":false,"footnotes":""},"class_list":["post-24","page","type-page","status-publish","hentry"],"jetpack_shortlink":"https:\/\/wp.me\/P3qF3F-o","jetpack_sharing_enabled":true,"_links":{"self":[{"href":"https:\/\/hotelroyalkv.com\/en\/wp-json\/wp\/v2\/pages\/24","targetHints":{"allow":["GET"]}}],"collection":[{"href":"https:\/\/hotelroyalkv.com\/en\/wp-json\/wp\/v2\/pages"}],"about":[{"href":"https:\/\/hotelroyalkv.com\/en\/wp-json\/wp\/v2\/types\/page"}],"author":[{"embeddable":true,"href":"https:\/\/hotelroyalkv.com\/en\/wp-json\/wp\/v2\/users\/2"}],"replies":[{"embeddable":true,"href":"https:\/\/hotelroyalkv.com\/en\/wp-json\/wp\/v2\/comments?post=24"}],"version-history":[{"count":30,"href":"https:\/\/hotelroyalkv.com\/en\/wp-json\/wp\/v2\/pages\/24\/revisions"}],"predecessor-version":[{"id":1800,"href":"https:\/\/hotelroyalkv.com\/en\/wp-json\/wp\/v2\/pages\/24\/revisions\/1800"}],"wp:attachment":[{"href":"https:\/\/hotelroyalkv.com\/en\/wp-json\/wp\/v2\/media?parent=24"}],"curies":[{"name":"wp","href":"https:\/\/api.w.org\/{rel}","templated":true}]}}