{"id":27,"date":"2013-04-20T02:34:32","date_gmt":"2013-04-20T02:34:32","guid":{"rendered":"https:\/\/hotelroyalkv.com\/?page_id=27"},"modified":"2025-09-23T11:23:34","modified_gmt":"2025-09-23T11:23:34","slug":"lokacija","status":"publish","type":"page","link":"https:\/\/hotelroyalkv.com\/en\/lokacija\/","title":{"rendered":"Lokacija"},"content":{"rendered":"<p><!--:sr-->Hotel ROYAL se nalazi na raskrsnici ulica Kara\u0111or\u0111eve i Zelena Gora, nekoliko stotina metara udaljen od centralnog gradskog trga (Trg Srpskih ratnika), pored same obale reke Ibar.<\/p>\n<p><a href=\"https:\/\/hotelroyalkv.com\/wp-content\/uploads\/2013\/04\/mapa-kraljeva-royal.jpg\" rel=\"lightbox-0\"><img loading=\"lazy\" decoding=\"async\" class=\"size-full wp-image-28 aligncenter\" src=\"https:\/\/hotelroyalkv.com\/wp-content\/uploads\/2013\/04\/mapa-kraljeva-royal.jpg\" alt=\"mapa kraljeva royal\" width=\"658\" height=\"357\" srcset=\"https:\/\/hotelroyalkv.com\/wp-content\/uploads\/2013\/04\/mapa-kraljeva-royal.jpg 658w, https:\/\/hotelroyalkv.com\/wp-content\/uploads\/2013\/04\/mapa-kraljeva-royal-300x162.jpg 300w, https:\/\/hotelroyalkv.com\/wp-content\/uploads\/2013\/04\/mapa-kraljeva-royal-500x271.jpg 500w\" sizes=\"auto, (max-width: 658px) 100vw, 658px\" \/><\/a><\/p>\n<p>Kako do\u0107i do hotela (sopstvenim prevozom):<\/p>\n<ul>\n<li>Iz Ra\u0161ke i Novog Pazara &#8211; direktno Kara\u0111or\u0111evom ulicom&#8230;<\/li>\n<li>Iz Beograda (\u010ca\u010dak) kroz ulice Vojvode Stepe i Olge Milutinovi\u0107, pa desno Kara\u0111or\u0111evom ulicom&#8230;<\/li>\n<li>Iz Kragujevca (Auto put) &#8211; prate\u0107i ulice Dositejevu, Dimitrija Tucovi\u0107a i Zelenu Goru (ispod nadvo\u017enjaka) dolazite tik ispred hotela Royal.<\/li>\n<li>Iz Kru\u0161evca i Vrnja\u010dke Banje, preko mosta na Ibru:<br \/>\n1. varijanta &#8211; pravo ulicom Vojvode Putnika do kraja, pa levo u ulicu Dimitrija Tucovi\u0107a i dalje prate\u0107i ulicu Zelena Gora (ispod nadvo\u017enjaka) dolazite do hotela.<br \/>\n2. varijanta &#8211; na mostu desno ispod podvo\u017enjaka u\u0107i u ulicu IV Kraljeva\u010dki bataljon (gradski kej), i posle skretanja u \u010cika Ljubinu, na raskrsnici levo Kara\u0111or\u0111evom ulicom.<\/li>\n<li>Sa autobuske i \u017eelezni\u010dke stanice:<\/li>\n<li>Taksijem, ulicom Zelena Gora (1,5km do hotela)<\/li>\n<li>Lokalnim autobuskim prevozom sa autobuske stanice, za \u0160umarsku \u0161kolu ili za Mataru\u0161ku Banju (preko Konareva), 2. stanica<\/li>\n<\/ul>\n<div id='gallery-1' class='gallery galleryid-27 gallery-columns-3 gallery-size-thumbnail'><figure class='gallery-item'>\r\n\t\t\t<div class='gallery-icon portrait'>\r\n\t\t\t\t<a href='https:\/\/hotelroyalkv.com\/wp-content\/uploads\/2013\/04\/hotel-royal_spolja04.jpg' rel=\"lightbox[gallery-0]\"><img loading=\"lazy\" decoding=\"async\" width=\"150\" height=\"150\" src=\"https:\/\/hotelroyalkv.com\/wp-content\/uploads\/2013\/04\/hotel-royal_spolja04-150x150.jpg\" class=\"attachment-thumbnail size-thumbnail\" alt=\"\" \/><\/a>\r\n\t\t\t<\/div><\/figure><figure class='gallery-item'>\r\n\t\t\t<div class='gallery-icon landscape'>\r\n\t\t\t\t<a href='https:\/\/hotelroyalkv.com\/wp-content\/uploads\/2013\/04\/hotel-royal_spolja07.jpg' rel=\"lightbox[gallery-0]\"><img loading=\"lazy\" decoding=\"async\" width=\"150\" height=\"150\" src=\"https:\/\/hotelroyalkv.com\/wp-content\/uploads\/2013\/04\/hotel-royal_spolja07-150x150.jpg\" class=\"attachment-thumbnail size-thumbnail\" alt=\"\" \/><\/a>\r\n\t\t\t<\/div><\/figure><figure class='gallery-item'>\r\n\t\t\t<div class='gallery-icon landscape'>\r\n\t\t\t\t<a href='https:\/\/hotelroyalkv.com\/wp-content\/uploads\/2013\/04\/hotel-royal_spolja03.jpg' rel=\"lightbox[gallery-0]\"><img loading=\"lazy\" decoding=\"async\" width=\"150\" height=\"150\" src=\"https:\/\/hotelroyalkv.com\/wp-content\/uploads\/2013\/04\/hotel-royal_spolja03-150x150.jpg\" class=\"attachment-thumbnail size-thumbnail\" alt=\"\" \/><\/a>\r\n\t\t\t<\/div><\/figure><figure class='gallery-item'>\r\n\t\t\t<div class='gallery-icon landscape'>\r\n\t\t\t\t<a href='https:\/\/hotelroyalkv.com\/wp-content\/uploads\/2013\/04\/hotel-royal_spolja05.jpg' rel=\"lightbox[gallery-0]\"><img loading=\"lazy\" decoding=\"async\" width=\"150\" height=\"150\" src=\"https:\/\/hotelroyalkv.com\/wp-content\/uploads\/2013\/04\/hotel-royal_spolja05-150x150.jpg\" class=\"attachment-thumbnail size-thumbnail\" alt=\"\" \/><\/a>\r\n\t\t\t<\/div><\/figure><figure class='gallery-item'>\r\n\t\t\t<div class='gallery-icon landscape'>\r\n\t\t\t\t<a href='https:\/\/hotelroyalkv.com\/wp-content\/uploads\/2013\/04\/hotel-royal_spolja06.jpg' rel=\"lightbox[gallery-0]\"><img loading=\"lazy\" decoding=\"async\" width=\"150\" height=\"150\" src=\"https:\/\/hotelroyalkv.com\/wp-content\/uploads\/2013\/04\/hotel-royal_spolja06-150x150.jpg\" class=\"attachment-thumbnail size-thumbnail\" alt=\"\" \/><\/a>\r\n\t\t\t<\/div><\/figure><figure class='gallery-item'>\r\n\t\t\t<div class='gallery-icon landscape'>\r\n\t\t\t\t<a href='https:\/\/hotelroyalkv.com\/wp-content\/uploads\/2013\/04\/hotel-royal_spolja08.jpg' rel=\"lightbox[gallery-0]\"><img loading=\"lazy\" decoding=\"async\" width=\"150\" height=\"150\" src=\"https:\/\/hotelroyalkv.com\/wp-content\/uploads\/2013\/04\/hotel-royal_spolja08-150x150.jpg\" class=\"attachment-thumbnail size-thumbnail\" alt=\"\" \/><\/a>\r\n\t\t\t<\/div><\/figure><figure class='gallery-item'>\r\n\t\t\t<div class='gallery-icon landscape'>\r\n\t\t\t\t<a href='https:\/\/hotelroyalkv.com\/wp-content\/uploads\/2013\/04\/hotel-royal_spolja09.jpg' rel=\"lightbox[gallery-0]\"><img loading=\"lazy\" decoding=\"async\" width=\"150\" height=\"150\" src=\"https:\/\/hotelroyalkv.com\/wp-content\/uploads\/2013\/04\/hotel-royal_spolja09-150x150.jpg\" class=\"attachment-thumbnail size-thumbnail\" alt=\"\" \/><\/a>\r\n\t\t\t<\/div><\/figure><figure class='gallery-item'>\r\n\t\t\t<div class='gallery-icon landscape'>\r\n\t\t\t\t<a href='https:\/\/hotelroyalkv.com\/wp-content\/uploads\/2013\/04\/hotel-royal_spolja10.jpg' rel=\"lightbox[gallery-0]\"><img loading=\"lazy\" decoding=\"async\" width=\"150\" height=\"150\" src=\"https:\/\/hotelroyalkv.com\/wp-content\/uploads\/2013\/04\/hotel-royal_spolja10-150x150.jpg\" class=\"attachment-thumbnail size-thumbnail\" alt=\"\" \/><\/a>\r\n\t\t\t<\/div><\/figure><figure class='gallery-item'>\r\n\t\t\t<div class='gallery-icon landscape'>\r\n\t\t\t\t<a href='https:\/\/hotelroyalkv.com\/wp-content\/uploads\/2013\/04\/hotel-royal_spolja11.jpg' rel=\"lightbox[gallery-0]\"><img loading=\"lazy\" decoding=\"async\" width=\"150\" height=\"150\" src=\"https:\/\/hotelroyalkv.com\/wp-content\/uploads\/2013\/04\/hotel-royal_spolja11-150x150.jpg\" class=\"attachment-thumbnail size-thumbnail\" alt=\"\" \/><\/a>\r\n\t\t\t<\/div><\/figure><\/div>\n\n<p><!--:--><!--:en--><!--:-->&nbsp;<\/p>","protected":false},"excerpt":{"rendered":"<p>Hotel ROYAL se nalazi na raskrsnici ulica Kara\u0111or\u0111eve i Zelena Gora, nekoliko stotina metara udaljen od centralnog gradskog trga (Trg Srpskih ratnika), pored same obale reke Ibar. Kako do\u0107i do hotela (sopstvenim prevozom): Iz Ra\u0161ke i Novog Pazara &#8211; direktno Kara\u0111or\u0111evom ulicom&#8230; Iz Beograda (\u010ca\u010dak) kroz ulice Vojvode Stepe i Olge Milutinovi\u0107, pa desno Kara\u0111or\u0111evom&#8230;<\/p>","protected":false},"author":2,"featured_media":0,"parent":0,"menu_order":0,"comment_status":"closed","ping_status":"closed","template":"","meta":{"jetpack_post_was_ever_published":false,"footnotes":""},"class_list":["post-27","page","type-page","status-publish","hentry"],"jetpack_shortlink":"https:\/\/wp.me\/P3qF3F-r","jetpack_sharing_enabled":true,"_links":{"self":[{"href":"https:\/\/hotelroyalkv.com\/en\/wp-json\/wp\/v2\/pages\/27","targetHints":{"allow":["GET"]}}],"collection":[{"href":"https:\/\/hotelroyalkv.com\/en\/wp-json\/wp\/v2\/pages"}],"about":[{"href":"https:\/\/hotelroyalkv.com\/en\/wp-json\/wp\/v2\/types\/page"}],"author":[{"embeddable":true,"href":"https:\/\/hotelroyalkv.com\/en\/wp-json\/wp\/v2\/users\/2"}],"replies":[{"embeddable":true,"href":"https:\/\/hotelroyalkv.com\/en\/wp-json\/wp\/v2\/comments?post=27"}],"version-history":[{"count":6,"href":"https:\/\/hotelroyalkv.com\/en\/wp-json\/wp\/v2\/pages\/27\/revisions"}],"predecessor-version":[{"id":1797,"href":"https:\/\/hotelroyalkv.com\/en\/wp-json\/wp\/v2\/pages\/27\/revisions\/1797"}],"wp:attachment":[{"href":"https:\/\/hotelroyalkv.com\/en\/wp-json\/wp\/v2\/media?parent=27"}],"curies":[{"name":"wp","href":"https:\/\/api.w.org\/{rel}","templated":true}]}}