{"id":42,"date":"2013-04-20T03:19:27","date_gmt":"2013-04-20T03:19:27","guid":{"rendered":"https:\/\/hotelroyalkv.com\/?page_id=42"},"modified":"2025-09-23T11:20:43","modified_gmt":"2025-09-23T11:20:43","slug":"knjiga-utisaka","status":"publish","type":"page","link":"https:\/\/hotelroyalkv.com\/en\/knjiga-utisaka\/","title":{"rendered":"Knjiga utisaka"},"content":{"rendered":"<p><!--:sr-->Oni su bili gosti hotela Royal:<\/p>\n<div id='gallery-1' class='gallery galleryid-42 gallery-columns-4 gallery-size-thumbnail'><figure class='gallery-item'>\r\n\t\t\t<div class='gallery-icon portrait'>\r\n\t\t\t\t<a href='https:\/\/hotelroyalkv.com\/wp-content\/uploads\/2013\/04\/hotel-royal_utisci01.jpg' rel=\"lightbox[gallery-0]\"><img loading=\"lazy\" decoding=\"async\" width=\"150\" height=\"150\" src=\"https:\/\/hotelroyalkv.com\/wp-content\/uploads\/2013\/04\/hotel-royal_utisci01-150x150.jpg\" class=\"attachment-thumbnail size-thumbnail\" alt=\"\" \/><\/a>\r\n\t\t\t<\/div><\/figure><figure class='gallery-item'>\r\n\t\t\t<div class='gallery-icon landscape'>\r\n\t\t\t\t<a href='https:\/\/hotelroyalkv.com\/wp-content\/uploads\/2013\/04\/hotel-royal_utisci02.jpg' rel=\"lightbox[gallery-0]\"><img loading=\"lazy\" decoding=\"async\" width=\"150\" height=\"150\" src=\"https:\/\/hotelroyalkv.com\/wp-content\/uploads\/2013\/04\/hotel-royal_utisci02-150x150.jpg\" class=\"attachment-thumbnail size-thumbnail\" alt=\"\" \/><\/a>\r\n\t\t\t<\/div><\/figure><figure class='gallery-item'>\r\n\t\t\t<div class='gallery-icon portrait'>\r\n\t\t\t\t<a href='https:\/\/hotelroyalkv.com\/wp-content\/uploads\/2013\/04\/hotel-royal_utisci03.jpg' rel=\"lightbox[gallery-0]\"><img loading=\"lazy\" decoding=\"async\" width=\"150\" height=\"150\" src=\"https:\/\/hotelroyalkv.com\/wp-content\/uploads\/2013\/04\/hotel-royal_utisci03-150x150.jpg\" class=\"attachment-thumbnail size-thumbnail\" alt=\"\" \/><\/a>\r\n\t\t\t<\/div><\/figure><figure class='gallery-item'>\r\n\t\t\t<div class='gallery-icon portrait'>\r\n\t\t\t\t<a href='https:\/\/hotelroyalkv.com\/wp-content\/uploads\/2013\/04\/hotel-royal_utisci04.jpg' rel=\"lightbox[gallery-0]\"><img loading=\"lazy\" decoding=\"async\" width=\"150\" height=\"150\" src=\"https:\/\/hotelroyalkv.com\/wp-content\/uploads\/2013\/04\/hotel-royal_utisci04-150x150.jpg\" class=\"attachment-thumbnail size-thumbnail\" alt=\"\" \/><\/a>\r\n\t\t\t<\/div><\/figure><figure class='gallery-item'>\r\n\t\t\t<div class='gallery-icon landscape'>\r\n\t\t\t\t<a href='https:\/\/hotelroyalkv.com\/wp-content\/uploads\/2013\/04\/hotel-royal_utisci06.jpg' rel=\"lightbox[gallery-0]\"><img loading=\"lazy\" decoding=\"async\" width=\"150\" height=\"150\" src=\"https:\/\/hotelroyalkv.com\/wp-content\/uploads\/2013\/04\/hotel-royal_utisci06-150x150.jpg\" class=\"attachment-thumbnail size-thumbnail\" alt=\"\" \/><\/a>\r\n\t\t\t<\/div><\/figure><\/div>\n\n<p><strong>Gordana, Beograd<\/strong><br \/>\nHvala vam na predivnom ambijentu, odli\u010dnoj usluzi i divnim trenucima koje sam provela u Kraljevu&#8230;<\/p>\n<p><strong>Stole Aran\u0111elovi\u0107<\/strong><br \/>\nNedavno sam bila na dvodnevnom seminaru u Kraljevu. Kolege iz va\u0161eg grada su mi predlo\u017eile ovaj hotel &#8211; sada ja svima preporu\u010dujem hotel Royal!<\/p>\n<p><strong>P. Jolanda<\/strong><br \/>\nGreat hotel. Spent a wonderfull weekend in Kraljevo.<\/p>\n<p><strong>\u017divorad Andri\u0107, Pariz<\/strong><br \/>\nDivan pogled iz sobe na planine i reku Ibar, izvrsna kuhinja&#8230; Divno mesto za odmor posle napornog posla.<\/p>\n<p><strong>Andrija, Kraljevo<\/strong><br \/>\nDivan hotel a bogami i jeftin!!!<\/p>\n<p><strong>Bili ste u hotelu Royal? Upi\u0161ite se i vi u knjigu utisaka! <\/strong><!--:--><!--:en--><\/p>","protected":false},"excerpt":{"rendered":"<p>Oni su bili gosti hotela Royal: Gordana, Beograd Hvala vam na predivnom ambijentu, odli\u010dnoj usluzi i divnim trenucima koje sam provela u Kraljevu&#8230; Stole Aran\u0111elovi\u0107 Nedavno sam bila na dvodnevnom seminaru u Kraljevu. Kolege iz va\u0161eg grada su mi predlo\u017eile ovaj hotel &#8211; sada ja svima preporu\u010dujem hotel Royal! P. Jolanda Great hotel. Spent a&#8230;<\/p>","protected":false},"author":2,"featured_media":0,"parent":0,"menu_order":0,"comment_status":"open","ping_status":"closed","template":"","meta":{"jetpack_post_was_ever_published":false,"footnotes":""},"class_list":["post-42","page","type-page","status-publish","hentry"],"jetpack_shortlink":"https:\/\/wp.me\/P3qF3F-G","jetpack_sharing_enabled":true,"_links":{"self":[{"href":"https:\/\/hotelroyalkv.com\/en\/wp-json\/wp\/v2\/pages\/42","targetHints":{"allow":["GET"]}}],"collection":[{"href":"https:\/\/hotelroyalkv.com\/en\/wp-json\/wp\/v2\/pages"}],"about":[{"href":"https:\/\/hotelroyalkv.com\/en\/wp-json\/wp\/v2\/types\/page"}],"author":[{"embeddable":true,"href":"https:\/\/hotelroyalkv.com\/en\/wp-json\/wp\/v2\/users\/2"}],"replies":[{"embeddable":true,"href":"https:\/\/hotelroyalkv.com\/en\/wp-json\/wp\/v2\/comments?post=42"}],"version-history":[{"count":9,"href":"https:\/\/hotelroyalkv.com\/en\/wp-json\/wp\/v2\/pages\/42\/revisions"}],"predecessor-version":[{"id":1795,"href":"https:\/\/hotelroyalkv.com\/en\/wp-json\/wp\/v2\/pages\/42\/revisions\/1795"}],"wp:attachment":[{"href":"https:\/\/hotelroyalkv.com\/en\/wp-json\/wp\/v2\/media?parent=42"}],"curies":[{"name":"wp","href":"https:\/\/api.w.org\/{rel}","templated":true}]}}